{"id":1155,"date":"2023-12-27T12:32:11","date_gmt":"2023-12-27T11:32:11","guid":{"rendered":"https:\/\/littlebigstory.fr\/web\/?page_id=1155"},"modified":"2024-01-10T10:14:46","modified_gmt":"2024-01-10T09:14:46","slug":"team","status":"publish","type":"page","link":"https:\/\/littlebigstory.fr\/en\/team\/","title":{"rendered":"Team"},"content":{"rendered":"\n<p><strong>LITTLE STORIES MAKE GREAT TALES<\/strong><br><\/p>\n\n\n\n<p>Little Big Story is a film production company founded in 2014 in Paris, France.<br>It produces all genres and specializes in international co-productions: documentaries, animation, fiction, immersive films, impact strategies.<br>Little Big Story is based in Paris, but also in Saint-\u00c9tienne (Auvergne-Rh\u00f4ne-Alpes R\u00e9gion).<br>Little Big Story intends to revisit narrative modes by mixing forms, genres and media, in order to tell stories that reveal the times we live in.<br>Little Big Story is committed to high value-added content in writing and style, author support, cinematic rigor and the production of daring first films. Little Big Story relies on its experienced teams.<br>It has gained international recognition by being selected during pitch sessions and appearing at major festivals. Through their form and content, the projects target large audiences, both in France and on the international market.<br>Little Big Story has two subsidiaries: Little Big Story Lab, dedicated to immersive films, and Little Big Story Pictures, devoted to animated features.<br>Little Big Story is the winner of the 2018 Best Producer Award (Documentary).<br>Little Big Story is part of the 2023\/2024 of the CNC BPI Cinema Accelerator group.<\/p>\n","protected":false},"excerpt":{"rendered":"<p>LITTLE STORIES MAKE GREAT TALES Little Big Story is a film production company founded in 2014 in Paris, France.It produces all genres and specializes in international co-productions: documentaries, animation, fiction, immersive films, impact strategies.Little Big Story is based in Paris, but also in Saint-\u00c9tienne (Auvergne-Rh\u00f4ne-Alpes R\u00e9gion).Little Big Story intends to revisit narrative modes by mixing [&hellip;]<\/p>\n","protected":false},"author":1,"featured_media":0,"parent":0,"menu_order":0,"comment_status":"closed","ping_status":"closed","template":"page-templates\/team-page.php","meta":{"footnotes":""},"yoast_head":"<!-- This site is optimized with the Yoast SEO plugin v21.8 - https:\/\/yoast.com\/wordpress\/plugins\/seo\/ -->\n<title>Team - LITTLE BIG STORY<\/title>\n<meta name=\"robots\" content=\"index, follow, max-snippet:-1, max-image-preview:large, max-video-preview:-1\" \/>\n<link rel=\"canonical\" href=\"https:\/\/littlebigstory.fr\/en\/team\/\" \/>\n<meta property=\"og:locale\" content=\"en_US\" \/>\n<meta property=\"og:type\" content=\"article\" \/>\n<meta property=\"og:title\" content=\"Team - LITTLE BIG STORY\" \/>\n<meta property=\"og:description\" content=\"LITTLE STORIES MAKE GREAT TALES Little Big Story is a film production company founded in 2014 in Paris, France.It produces all genres and specializes in international co-productions: documentaries, animation, fiction, immersive films, impact strategies.Little Big Story is based in Paris, but also in Saint-\u00c9tienne (Auvergne-Rh\u00f4ne-Alpes R\u00e9gion).Little Big Story intends to revisit narrative modes by mixing [&hellip;]\" \/>\n<meta property=\"og:url\" content=\"https:\/\/littlebigstory.fr\/en\/team\/\" \/>\n<meta property=\"og:site_name\" content=\"LITTLE BIG STORY\" \/>\n<meta property=\"article:publisher\" content=\"https:\/\/www.facebook.com\/littlebigStoryfilms\/\" \/>\n<meta property=\"article:modified_time\" content=\"2024-01-10T09:14:46+00:00\" \/>\n<meta property=\"og:image\" content=\"https:\/\/littlebigstory.fr\/web\/wp-content\/uploads\/2024\/01\/LBS-default.jpg\" \/>\n\t<meta property=\"og:image:width\" content=\"1200\" \/>\n\t<meta property=\"og:image:height\" content=\"675\" \/>\n\t<meta property=\"og:image:type\" content=\"image\/jpeg\" \/>\n<meta name=\"twitter:card\" content=\"summary_large_image\" \/>\n<meta name=\"twitter:site\" content=\"@littlebigstory1\" \/>\n<meta name=\"twitter:label1\" content=\"Est. reading time\" \/>\n\t<meta name=\"twitter:data1\" content=\"1 minute\" \/>\n<script type=\"application\/ld+json\" class=\"yoast-schema-graph\">{\"@context\":\"https:\/\/schema.org\",\"@graph\":[{\"@type\":\"WebPage\",\"@id\":\"https:\/\/littlebigstory.fr\/en\/team\/\",\"url\":\"https:\/\/littlebigstory.fr\/en\/team\/\",\"name\":\"Team - LITTLE BIG STORY\",\"isPartOf\":{\"@id\":\"https:\/\/littlebigstory.fr\/en\/#website\"},\"datePublished\":\"2023-12-27T11:32:11+00:00\",\"dateModified\":\"2024-01-10T09:14:46+00:00\",\"breadcrumb\":{\"@id\":\"https:\/\/littlebigstory.fr\/en\/team\/#breadcrumb\"},\"inLanguage\":\"en-US\",\"potentialAction\":[{\"@type\":\"ReadAction\",\"target\":[\"https:\/\/littlebigstory.fr\/en\/team\/\"]}]},{\"@type\":\"BreadcrumbList\",\"@id\":\"https:\/\/littlebigstory.fr\/en\/team\/#breadcrumb\",\"itemListElement\":[{\"@type\":\"ListItem\",\"position\":1,\"name\":\"Accueil\",\"item\":\"https:\/\/littlebigstory.fr\/en\/\"},{\"@type\":\"ListItem\",\"position\":2,\"name\":\"Team\"}]},{\"@type\":\"WebSite\",\"@id\":\"https:\/\/littlebigstory.fr\/en\/#website\",\"url\":\"https:\/\/littlebigstory.fr\/en\/\",\"name\":\"LITTLE BIG STORY\",\"description\":\"Les petites histoires font les grands r\u00e9cits.\",\"publisher\":{\"@id\":\"https:\/\/littlebigstory.fr\/en\/#organization\"},\"potentialAction\":[{\"@type\":\"SearchAction\",\"target\":{\"@type\":\"EntryPoint\",\"urlTemplate\":\"https:\/\/littlebigstory.fr\/en\/?s={search_term_string}\"},\"query-input\":\"required name=search_term_string\"}],\"inLanguage\":\"en-US\"},{\"@type\":\"Organization\",\"@id\":\"https:\/\/littlebigstory.fr\/en\/#organization\",\"name\":\"LITTLE BIG STORY\",\"url\":\"https:\/\/littlebigstory.fr\/en\/\",\"logo\":{\"@type\":\"ImageObject\",\"inLanguage\":\"en-US\",\"@id\":\"https:\/\/littlebigstory.fr\/en\/#\/schema\/logo\/image\/\",\"url\":\"https:\/\/littlebigstory.fr\/web\/wp-content\/uploads\/2024\/01\/LBS-logo.jpg\",\"contentUrl\":\"https:\/\/littlebigstory.fr\/web\/wp-content\/uploads\/2024\/01\/LBS-logo.jpg\",\"width\":442,\"height\":442,\"caption\":\"LITTLE BIG STORY\"},\"image\":{\"@id\":\"https:\/\/littlebigstory.fr\/en\/#\/schema\/logo\/image\/\"},\"sameAs\":[\"https:\/\/www.facebook.com\/littlebigStoryfilms\/\",\"https:\/\/twitter.com\/littlebigstory1\",\"https:\/\/www.instagram.com\/little_big_story_film\/\"]}]}<\/script>\n<!-- \/ Yoast SEO plugin. -->","yoast_head_json":{"title":"Team - LITTLE BIG STORY","robots":{"index":"index","follow":"follow","max-snippet":"max-snippet:-1","max-image-preview":"max-image-preview:large","max-video-preview":"max-video-preview:-1"},"canonical":"https:\/\/littlebigstory.fr\/en\/team\/","og_locale":"en_US","og_type":"article","og_title":"Team - LITTLE BIG STORY","og_description":"LITTLE STORIES MAKE GREAT TALES Little Big Story is a film production company founded in 2014 in Paris, France.It produces all genres and specializes in international co-productions: documentaries, animation, fiction, immersive films, impact strategies.Little Big Story is based in Paris, but also in Saint-\u00c9tienne (Auvergne-Rh\u00f4ne-Alpes R\u00e9gion).Little Big Story intends to revisit narrative modes by mixing [&hellip;]","og_url":"https:\/\/littlebigstory.fr\/en\/team\/","og_site_name":"LITTLE BIG STORY","article_publisher":"https:\/\/www.facebook.com\/littlebigStoryfilms\/","article_modified_time":"2024-01-10T09:14:46+00:00","og_image":[{"width":1200,"height":675,"url":"https:\/\/littlebigstory.fr\/web\/wp-content\/uploads\/2024\/01\/LBS-default.jpg","type":"image\/jpeg"}],"twitter_card":"summary_large_image","twitter_site":"@littlebigstory1","twitter_misc":{"Est. reading time":"1 minute"},"schema":{"@context":"https:\/\/schema.org","@graph":[{"@type":"WebPage","@id":"https:\/\/littlebigstory.fr\/en\/team\/","url":"https:\/\/littlebigstory.fr\/en\/team\/","name":"Team - LITTLE BIG STORY","isPartOf":{"@id":"https:\/\/littlebigstory.fr\/en\/#website"},"datePublished":"2023-12-27T11:32:11+00:00","dateModified":"2024-01-10T09:14:46+00:00","breadcrumb":{"@id":"https:\/\/littlebigstory.fr\/en\/team\/#breadcrumb"},"inLanguage":"en-US","potentialAction":[{"@type":"ReadAction","target":["https:\/\/littlebigstory.fr\/en\/team\/"]}]},{"@type":"BreadcrumbList","@id":"https:\/\/littlebigstory.fr\/en\/team\/#breadcrumb","itemListElement":[{"@type":"ListItem","position":1,"name":"Accueil","item":"https:\/\/littlebigstory.fr\/en\/"},{"@type":"ListItem","position":2,"name":"Team"}]},{"@type":"WebSite","@id":"https:\/\/littlebigstory.fr\/en\/#website","url":"https:\/\/littlebigstory.fr\/en\/","name":"LITTLE BIG STORY","description":"Les petites histoires font les grands r\u00e9cits.","publisher":{"@id":"https:\/\/littlebigstory.fr\/en\/#organization"},"potentialAction":[{"@type":"SearchAction","target":{"@type":"EntryPoint","urlTemplate":"https:\/\/littlebigstory.fr\/en\/?s={search_term_string}"},"query-input":"required name=search_term_string"}],"inLanguage":"en-US"},{"@type":"Organization","@id":"https:\/\/littlebigstory.fr\/en\/#organization","name":"LITTLE BIG STORY","url":"https:\/\/littlebigstory.fr\/en\/","logo":{"@type":"ImageObject","inLanguage":"en-US","@id":"https:\/\/littlebigstory.fr\/en\/#\/schema\/logo\/image\/","url":"https:\/\/littlebigstory.fr\/web\/wp-content\/uploads\/2024\/01\/LBS-logo.jpg","contentUrl":"https:\/\/littlebigstory.fr\/web\/wp-content\/uploads\/2024\/01\/LBS-logo.jpg","width":442,"height":442,"caption":"LITTLE BIG STORY"},"image":{"@id":"https:\/\/littlebigstory.fr\/en\/#\/schema\/logo\/image\/"},"sameAs":["https:\/\/www.facebook.com\/littlebigStoryfilms\/","https:\/\/twitter.com\/littlebigstory1","https:\/\/www.instagram.com\/little_big_story_film\/"]}]}},"_links":{"self":[{"href":"https:\/\/littlebigstory.fr\/en\/wp-json\/wp\/v2\/pages\/1155"}],"collection":[{"href":"https:\/\/littlebigstory.fr\/en\/wp-json\/wp\/v2\/pages"}],"about":[{"href":"https:\/\/littlebigstory.fr\/en\/wp-json\/wp\/v2\/types\/page"}],"author":[{"embeddable":true,"href":"https:\/\/littlebigstory.fr\/en\/wp-json\/wp\/v2\/users\/1"}],"replies":[{"embeddable":true,"href":"https:\/\/littlebigstory.fr\/en\/wp-json\/wp\/v2\/comments?post=1155"}],"version-history":[{"count":7,"href":"https:\/\/littlebigstory.fr\/en\/wp-json\/wp\/v2\/pages\/1155\/revisions"}],"predecessor-version":[{"id":1567,"href":"https:\/\/littlebigstory.fr\/en\/wp-json\/wp\/v2\/pages\/1155\/revisions\/1567"}],"wp:attachment":[{"href":"https:\/\/littlebigstory.fr\/en\/wp-json\/wp\/v2\/media?parent=1155"}],"curies":[{"name":"wp","href":"https:\/\/api.w.org\/{rel}","templated":true}]}}